{"id":739,"date":"2021-04-09T10:11:58","date_gmt":"2021-04-09T10:11:58","guid":{"rendered":"http:\/\/clubhipicoelroble.com\/who-are-we"},"modified":"2021-04-13T14:17:46","modified_gmt":"2021-04-13T14:17:46","slug":"who-are-we","status":"publish","type":"page","link":"https:\/\/clubhipicoelroble.com\/en\/who-are-we","title":{"rendered":"Who are we"},"content":{"rendered":"<p>[vc_row css_animation=&#8221;&#8221; row_type=&#8221;row&#8221; use_row_as_full_screen_section=&#8221;no&#8221; type=&#8221;grid&#8221; angled_section=&#8221;no&#8221; text_align=&#8221;center&#8221; background_image_as_pattern=&#8221;without_pattern&#8221; css=&#8221;.vc_custom_1618323359531{padding-top: 80px !important;padding-bottom: 15px !important;}&#8221; z_index=&#8221;&#8221;][vc_column offset=&#8221;vc_col-md-6&#8243;][qode_elements_holder number_of_columns=&#8221;one_column&#8221;][qode_elements_holder_item horizontal_alignment=&#8221;left&#8221; advanced_animations=&#8221;no&#8221; item_padding=&#8221;25px 0px 0px 0px&#8221; item_padding_1280_1440=&#8221;0px 3% 0px 0px&#8221; item_padding_1024_1280=&#8221;0px 5% 0px 0px&#8221; item_padding_768_1024=&#8221;0px 2% 0px&#8221; item_padding_600_768=&#8221;0px 2% 92px&#8221; item_padding_480_600=&#8221;0px 0% 90px&#8221; item_padding_480=&#8221;0px 0% 90px&#8221;][vc_column_text]<\/p>\n<h1>Who are we<\/h1>\n<p>[\/vc_column_text][vc_column_text]<\/p>\n<h2>Equestrian Centre el Roble<\/h2>\n<p>[\/vc_column_text][vc_empty_space height=&#8221;25px&#8221;][vc_column_text css=&#8221;.vc_custom_1618323317517{margin-bottom: 20px !important;}&#8221;]<strong>El Roble Equestrian Centre<\/strong> was founded in 2020, under the concept of a sports club. It is the ideal place to practice horse riding, due to the quality of its facilities and its natural environment.<\/p>\n<p><strong>El Roble Equestrian Centre\u00a0<\/strong>is open to all types of public, regardless of their level or age. It ranges from total initiation, at a very early age (from 4 years old), to those with more competitive ambitions, where it accompanies them throughout their educational career so that they can achieve their objectives and can compete at the highest standards.<\/p>\n<p>Our method of work is based on dedication, empathy between students and horses, discipline, family integration in teamwork and personalization of classes, always keeping fun as the main axis of the sessions. themselves.[\/vc_column_text][\/qode_elements_holder_item][\/qode_elements_holder][\/vc_column][vc_column offset=&#8221;vc_col-md-6&#8243;][qode_elements_holder number_of_columns=&#8221;one_column&#8221;][qode_elements_holder_item advanced_animations=&#8221;no&#8221; item_padding=&#8221;0px&#8221;][vc_raw_html]W3ZpZGVvIGlkPTg3NV0=[\/vc_raw_html][\/qode_elements_holder_item][\/qode_elements_holder][\/vc_column][\/vc_row][vc_row css_animation=&#8221;&#8221; row_type=&#8221;row&#8221; use_row_as_full_screen_section=&#8221;no&#8221; type=&#8221;grid&#8221; angled_section=&#8221;no&#8221; text_align=&#8221;left&#8221; background_image_as_pattern=&#8221;without_pattern&#8221; z_index=&#8221;&#8221; css=&#8221;.vc_custom_1618323341731{padding-bottom: 25px !important;}&#8221;][vc_column][vc_column_text css=&#8221;.vc_custom_1618323131355{margin-bottom: 25px !important;}&#8221;]Nuestro m\u00e9todo de trabajo se basa en la dedicaci\u00f3n, la empat\u00eda entre los alumnos y los caballos,\u00a0la disciplina, la integraci\u00f3n de la familia en el trabajo en equipo y la personalizaci\u00f3n de las clases,\u00a0manteniendo siempre la diversi\u00f3n como eje principal de las mismas.[\/vc_column_text][\/vc_column][\/vc_row][vc_row css_animation=&#8221;&#8221; row_type=&#8221;row&#8221; use_row_as_full_screen_section=&#8221;no&#8221; type=&#8221;grid&#8221; angled_section=&#8221;no&#8221; text_align=&#8221;center&#8221; background_image_as_pattern=&#8221;without_pattern&#8221; css=&#8221;.vc_custom_1616149607436{padding-bottom: 60px !important;}&#8221; z_index=&#8221;&#8221;][vc_column offset=&#8221;vc_col-md-6&#8243;][qode_elements_holder number_of_columns=&#8221;one_column&#8221;][qode_elements_holder_item advanced_animations=&#8221;no&#8221; item_padding=&#8221;0px&#8221;][vc_single_image image=&#8221;742&#8243; img_size=&#8221;full&#8221; alignment=&#8221;center&#8221; qode_css_animation=&#8221;&#8221;][\/qode_elements_holder_item][\/qode_elements_holder][\/vc_column][vc_column offset=&#8221;vc_col-md-6&#8243;][qode_elements_holder number_of_columns=&#8221;one_column&#8221;][qode_elements_holder_item horizontal_alignment=&#8221;left&#8221; advanced_animations=&#8221;no&#8221; item_padding=&#8221;25px 0px 0px 0px&#8221; item_padding_1280_1440=&#8221;0px 3% 0px 0px&#8221; item_padding_1024_1280=&#8221;0px 5% 0px 0px&#8221; item_padding_768_1024=&#8221;0px 2% 0px&#8221; item_padding_600_768=&#8221;0px 2% 92px&#8221; item_padding_480_600=&#8221;0px 0% 90px&#8221; item_padding_480=&#8221;0px 0% 90px&#8221;][vc_column_text]<\/p>\n<h2>Prime location<\/h2>\n<p>[\/vc_column_text][vc_empty_space height=&#8221;25px&#8221;][vc_column_text]The <strong>El Roble Equestrian Club<\/strong> is in an attractive and safe environment and is easily accessible. It is located in Alhaur\u00edn de la Torre, Malaga. Very well connected with the A7 Mediterranean motorway, 10 kilometers from Malaga airport, 18 km from the center of Malaga and a few kilometers from the beaches of the Costa del Sol. Nestled in a rural setting, where besides being able to enjoy sport equestrian in our facilities, you can take endless walks through the surrounding mountains.<\/p>\n<p>And for the more daring, who also like adrenaline, we are together with the Supertirolina Twin VK. It is the longest double zip line in Andalusia and one of the longest in Spain. The departure station is located at the top of a hill with spectacular views of the entire coast of Malaga and the pre-coastal mountains, for which we offer horse transfers to it.[\/vc_column_text][\/qode_elements_holder_item][\/qode_elements_holder][\/vc_column][\/vc_row][vc_row css_animation=&#8221;&#8221; row_type=&#8221;row&#8221; use_row_as_full_screen_section=&#8221;no&#8221; type=&#8221;grid&#8221; angled_section=&#8221;no&#8221; text_align=&#8221;left&#8221; background_image_as_pattern=&#8221;without_pattern&#8221; css=&#8221;.vc_custom_1616149256134{background-color: #7e6b31 !important;}&#8221; z_index=&#8221;&#8221;][vc_column][qode_elements_holder background_color=&#8221;#7e6b31&#8243; number_of_columns=&#8221;one_column&#8221;][qode_elements_holder_item advanced_animations=&#8221;no&#8221; item_padding_1280_1440=&#8221;0px 11%&#8221; item_padding_1024_1280=&#8221;0px 10%&#8221; item_padding_768_1024=&#8221;0px 5%&#8221; item_padding_600_768=&#8221;0px 10%&#8221; item_padding_480_600=&#8221;0px&#8221; item_padding_480=&#8221;0px&#8221;]<div class=\"call_to_action normal\" style=\"background-color: #7e6b31;padding-top: 35px;padding-bottom: 35px;\"><div class=\"two_columns_75_25 clearfix\"><div class=\"text_wrapper column1\"><div class=\"call_to_action_text \" style=\"\">\n<h5><span style=\"color: #ffffff;\">Live the exclusivity! Visit us to enjoy nature on the Costa del Sol<\/span><\/h5>\n<\/div><\/div><div class=\"button_wrapper column2\"><a itemprop=\"url\" href=\"https:\/\/clubhipicoelroble.com\/en\/contact\" class=\"qbutton white medium\" target=\"_self\" style=\"color: #7e6b31;border-color: #ffffff;background-color: #ffffff;\" data-hover-background-color=#26331d data-hover-border-color=#ffffff data-hover-color=#ffffff>Visit us<\/a><\/div><\/div><\/div>[\/qode_elements_holder_item][\/qode_elements_holder][\/vc_column][\/vc_row]<\/p>\n","protected":false},"excerpt":{"rendered":"<p>[vc_row css_animation=&#8221;&#8221; row_type=&#8221;row&#8221; use_row_as_full_screen_section=&#8221;no&#8221; type=&#8221;grid&#8221; angled_section=&#8221;no&#8221; text_align=&#8221;center&#8221; background_image_as_pattern=&#8221;without_pattern&#8221; css=&#8221;.vc_custom_1618323359531{padding-top: 80px !important;padding-bottom: 15px !important;}&#8221; z_index=&#8221;&#8221;][vc_column offset=&#8221;vc_col-md-6&#8243;][qode_elements_holder number_of_columns=&#8221;one_column&#8221;][qode_elements_holder_item horizontal_alignment=&#8221;left&#8221; advanced_animations=&#8221;no&#8221; item_padding=&#8221;25px 0px 0px 0px&#8221; item_padding_1280_1440=&#8221;0px 3% 0px 0px&#8221; item_padding_1024_1280=&#8221;0px 5% 0px 0px&#8221; item_padding_768_1024=&#8221;0px 2% 0px&#8221; item_padding_600_768=&#8221;0px 2% 92px&#8221; item_padding_480_600=&#8221;0px 0% 90px&#8221; item_padding_480=&#8221;0px 0% 90px&#8221;][vc_column_text] Who are we [\/vc_column_text][vc_column_text] Equestrian Centre el Roble [\/vc_column_text][vc_empty_space height=&#8221;25px&#8221;][vc_column_text css=&#8221;.vc_custom_1618323317517{margin-bottom: 20px !important;}&#8221;]El Roble Equestrian Centre was founded&#8230;<\/p>\n","protected":false},"author":1,"featured_media":928,"parent":0,"menu_order":0,"comment_status":"closed","ping_status":"closed","template":"full_width.php","meta":{"footnotes":""},"aioseo_notices":[],"_links":{"self":[{"href":"https:\/\/clubhipicoelroble.com\/en\/wp-json\/wp\/v2\/pages\/739"}],"collection":[{"href":"https:\/\/clubhipicoelroble.com\/en\/wp-json\/wp\/v2\/pages"}],"about":[{"href":"https:\/\/clubhipicoelroble.com\/en\/wp-json\/wp\/v2\/types\/page"}],"author":[{"embeddable":true,"href":"https:\/\/clubhipicoelroble.com\/en\/wp-json\/wp\/v2\/users\/1"}],"replies":[{"embeddable":true,"href":"https:\/\/clubhipicoelroble.com\/en\/wp-json\/wp\/v2\/comments?post=739"}],"version-history":[{"count":6,"href":"https:\/\/clubhipicoelroble.com\/en\/wp-json\/wp\/v2\/pages\/739\/revisions"}],"predecessor-version":[{"id":880,"href":"https:\/\/clubhipicoelroble.com\/en\/wp-json\/wp\/v2\/pages\/739\/revisions\/880"}],"wp:featuredmedia":[{"embeddable":true,"href":"https:\/\/clubhipicoelroble.com\/en\/wp-json\/wp\/v2\/media\/928"}],"wp:attachment":[{"href":"https:\/\/clubhipicoelroble.com\/en\/wp-json\/wp\/v2\/media?parent=739"}],"curies":[{"name":"wp","href":"https:\/\/api.w.org\/{rel}","templated":true}]}}