{"id":720,"date":"2021-04-09T10:00:50","date_gmt":"2021-04-09T10:00:50","guid":{"rendered":"http:\/\/clubhipicoelroble.com\/la-escuela"},"modified":"2024-04-02T20:25:06","modified_gmt":"2024-04-02T20:25:06","slug":"the-school","status":"publish","type":"page","link":"https:\/\/clubhipicoelroble.com\/en\/the-school","title":{"rendered":"The School"},"content":{"rendered":"<p>[vc_row css_animation=&#8221;&#8221; row_type=&#8221;row&#8221; use_row_as_full_screen_section=&#8221;no&#8221; type=&#8221;grid&#8221; angled_section=&#8221;no&#8221; text_align=&#8221;left&#8221; background_image_as_pattern=&#8221;without_pattern&#8221; css=&#8221;.vc_custom_1616154165380{margin-bottom: 60px !important;padding-top: 80px !important;padding-bottom: 60px !important;}&#8221; z_index=&#8221;&#8221;][vc_column offset=&#8221;vc_col-md-6&#8243; css=&#8221;.vc_custom_1616154107163{margin-right: 40px !important;}&#8221;][qode_elements_holder number_of_columns=&#8221;one_column&#8221;][qode_elements_holder_item horizontal_alignment=&#8221;left&#8221; advanced_animations=&#8221;no&#8221; item_padding=&#8221;25px 0px 0px 0px&#8221; item_padding_1280_1440=&#8221;0px 3% 0px 0px&#8221; item_padding_1024_1280=&#8221;0px 5% 0px 0px&#8221; item_padding_768_1024=&#8221;0px 2% 0px&#8221; item_padding_600_768=&#8221;0px 2% 92px&#8221; item_padding_480_600=&#8221;0px 0% 90px&#8221; item_padding_480=&#8221;0px 0% 90px&#8221;][vc_column_text]<\/p>\n<h1>The School<\/h1>\n<p>[\/vc_column_text][vc_column_text]<\/p>\n<h2>Equestrian School<\/h2>\n<p>[\/vc_column_text][vc_empty_space height=&#8221;20px&#8221;][vc_column_text]Our training-learning process is aimed primarily at developing knowledge, love and respect for the horse world, as well as training students individually based on their tastes and aptitudes in the different <strong>equestrian disciplines.<\/strong><\/p>\n<p>The riding lessons are for all levels and ages.<\/p>\n<p>In addition, we offer a personalized service of private lessons both with our horses and those of the students themselves.<\/p>\n<p><strong>For more information, contact us in our contact form.<\/strong><br \/>\n[\/vc_column_text][vc_empty_space height=&#8221;25px&#8221;]<a  itemprop=\"url\" href=\"https:\/\/clubhipicoelroble.com\/en\/bookings\" target=\"_self\"  class=\"qbutton  medium default\" style=\"\">BOOK NOW!<\/a>[vc_empty_space height=&#8221;25px&#8221;][\/qode_elements_holder_item][\/qode_elements_holder][qode_elements_holder number_of_columns=&#8221;one_column&#8221;][qode_elements_holder_item advanced_animations=&#8221;no&#8221; item_padding=&#8221;0px&#8221;][vc_single_image image=&#8221;851&#8243; img_size=&#8221;full&#8221; alignment=&#8221;center&#8221; qode_css_animation=&#8221;&#8221;][\/qode_elements_holder_item][\/qode_elements_holder][\/vc_column][vc_column offset=&#8221;vc_col-md-6&#8243;]<div class=\"qode-accordion-holder clearfix qode-accordion qode-initial \">\n\t<h2 class=\"clearfix qode-title-holder\">\n<span class=\"qode-tab-title\">\n\t\t\t<span class=\"qode-tab-title-icon\">\n\t\t\t<i class=\"qode_icon_font_awesome fa fa-star \" ><\/i>\t\t<\/span>\n\t    <span class=\"qode-tab-title-inner\">\n        Disciplines    <\/span>\n<\/span>\n<span class=\"qode-accordion-mark\">\n    <span class=\"qode-accordion-mark-icon\">\n        <span class=\"icon_plus\"><\/span>\n        <span class=\"icon_minus-06\"><\/span>\n    <\/span>\n<\/span>\n<\/h2>\n<div id = disciplinas class=\"qode-accordion-content qode-acc-title-with-icon\" >\n    <div class=\"qode-accordion-content-inner\">\n        [vc_column_text]<\/p>\n<h3>Classic Horse Dressage<\/h3>\n<p>[\/vc_column_text][vc_empty_space height=&#8221;15px&#8221;][vc_column_text]<br \/>\nCowboy Horse Dressage<br \/>\n[\/vc_column_text][vc_empty_space height=&#8221;15px&#8221;][vc_column_text]<\/p>\n<h3>High School<\/h3>\n<p>[\/vc_column_text]    <\/div>\n<\/div><\/div><div class=\"qode-accordion-holder clearfix qode-accordion qode-initial \">\n\t<h2 class=\"clearfix qode-title-holder\">\n<span class=\"qode-tab-title\">\n\t\t\t<span class=\"qode-tab-title-icon\">\n\t\t\t<i class=\"qode_icon_font_awesome fa fa-arrow-up \" ><\/i>\t\t<\/span>\n\t    <span class=\"qode-tab-title-inner\">\n        Riding levels    <\/span>\n<\/span>\n<span class=\"qode-accordion-mark\">\n    <span class=\"qode-accordion-mark-icon\">\n        <span class=\"icon_plus\"><\/span>\n        <span class=\"icon_minus-06\"><\/span>\n    <\/span>\n<\/span>\n<\/h2>\n<div id = niveles class=\"qode-accordion-content qode-acc-title-with-icon\" >\n    <div class=\"qode-accordion-content-inner\">\n        [vc_column_text]<\/p>\n<h3>Iniciaci\u00f3n:<\/h3>\n<p>Clases dise\u00f1adas tanto para ni\u00f1os como para adultos que quieran establecer un primer contacto con el caballo. El objetivo es que el alumno adquiera los conocimientos b\u00e1sicos para la iniciaci\u00f3n en el mundo de la h\u00edpica, atendiendo a las necesidades de cada uno. Las clases pueden ser individuales o en grupo. \u00a0(a partir de 4 a\u00f1os de edad)<\/p>\n<h4>Material recomendable:<\/h4>\n<div>Imprescindible pantal\u00f3n largo, cuanto m\u00e1s ajustado mejor, tipo maya, no recomendamos los vaqueros.<\/div>\n<div>Calzado deportivo o botas de montar.<\/div>\n<div>* Uso de casco es obligatorio.<\/div>\n<p>[\/vc_column_text][vc_empty_space height=&#8221;15px&#8221;][vc_column_text]<\/p>\n<h3>Perfeccionamiento:<\/h3>\n<p>Clases personalizadas e individualizadas de nivel avanzado para especialmente la doma cl\u00e1sica y vaquera.<\/p>\n<h4>Material recomendable:<\/h4>\n<p>Imprescindible pantal\u00f3n largo, cuanto m\u00e1s ajustado mejor, tipo maya, no recomendamos los vaqueros.<br \/>\nCalzado deportivo o botas de montar.<br \/>\n*Uso de casco es obligatorio.[\/vc_column_text][vc_empty_space height=&#8221;15px&#8221;][vc_column_text]<\/p>\n<h3>Competition Level:<\/h3>\n<p>This level is intended for students who want to perfect their technique and want to enter the club&#8217;s competition team and receive more advanced training in the preparatory sessions for specific competition tests, so that they can obtain the best result.<\/p>\n<p>Our facilities are designed for daily training in order to participate in competitions of all levels.<\/p>\n<p>In addition, on the days of the competitions we take care of the transport and accompany them to the event, giving them all the support they need.<br \/>\nTo be part of the competition team it is necessary to give a minimum of two classes per week.<\/p>\n<h4>Recommended material:<\/h4>\n<p>Essential long pants, the tighter the better, Maya type, we do not recommend jeans.<br \/>\nSports shoes or riding boots.<br \/>\n* Wearing a helmet is mandatory.[\/vc_column_text]    <\/div>\n<\/div><\/div>[\/vc_column][\/vc_row][vc_row css_animation=&#8221;&#8221; row_type=&#8221;row&#8221; use_row_as_full_screen_section=&#8221;no&#8221; type=&#8221;grid&#8221; angled_section=&#8221;no&#8221; text_align=&#8221;left&#8221; background_image_as_pattern=&#8221;without_pattern&#8221; z_index=&#8221;&#8221;][vc_column width=&#8221;1\/2&#8243;][\/vc_column][vc_column width=&#8221;1\/2&#8243;][\/vc_column][\/vc_row][vc_row css_animation=&#8221;&#8221; row_type=&#8221;row&#8221; use_row_as_full_screen_section=&#8221;no&#8221; type=&#8221;grid&#8221; angled_section=&#8221;no&#8221; text_align=&#8221;left&#8221; background_image_as_pattern=&#8221;without_pattern&#8221; css=&#8221;.vc_custom_1616410229445{background-color: #7e6b31 !important;}&#8221; z_index=&#8221;&#8221;][vc_column][qode_elements_holder background_color=&#8221;#7e6b31&#8243; number_of_columns=&#8221;one_column&#8221;][qode_elements_holder_item advanced_animations=&#8221;no&#8221; item_padding_1280_1440=&#8221;0px 11%&#8221; item_padding_1024_1280=&#8221;0px 10%&#8221; item_padding_768_1024=&#8221;0px 5%&#8221; item_padding_600_768=&#8221;0px 10%&#8221; item_padding_480_600=&#8221;0px&#8221; item_padding_480=&#8221;0px&#8221;]<div class=\"call_to_action normal\" style=\"background-color: #7e6b31;padding-top: 35px;padding-bottom: 35px;\"><div class=\"two_columns_75_25 clearfix\"><div class=\"text_wrapper column1\"><div class=\"call_to_action_text \" style=\"\">\n<h5><span style=\"color: #ffffff;\">Live the exclusivity! Visit us to enjoy nature on the Costa del Sol<\/span><\/h5>\n<\/div><\/div><div class=\"button_wrapper column2\"><a itemprop=\"url\" href=\"https:\/\/clubhipicoelroble.com\/en\/contact\" class=\"qbutton white medium\" target=\"_self\" style=\"color: #7e6b31;border-color: #ffffff;background-color: #ffffff;\" data-hover-background-color=#26331d data-hover-border-color=#ffffff data-hover-color=#ffffff>Visit us<\/a><\/div><\/div><\/div>[\/qode_elements_holder_item][\/qode_elements_holder][\/vc_column][\/vc_row]<\/p>\n","protected":false},"excerpt":{"rendered":"<p>[vc_row css_animation=&#8221;&#8221; row_type=&#8221;row&#8221; use_row_as_full_screen_section=&#8221;no&#8221; type=&#8221;grid&#8221; angled_section=&#8221;no&#8221; text_align=&#8221;left&#8221; background_image_as_pattern=&#8221;without_pattern&#8221; css=&#8221;.vc_custom_1616154165380{margin-bottom: 60px !important;padding-top: 80px !important;padding-bottom: 60px !important;}&#8221; z_index=&#8221;&#8221;][vc_column offset=&#8221;vc_col-md-6&#8243; css=&#8221;.vc_custom_1616154107163{margin-right: 40px !important;}&#8221;][qode_elements_holder number_of_columns=&#8221;one_column&#8221;][qode_elements_holder_item horizontal_alignment=&#8221;left&#8221; advanced_animations=&#8221;no&#8221; item_padding=&#8221;25px 0px 0px 0px&#8221; item_padding_1280_1440=&#8221;0px 3% 0px 0px&#8221; item_padding_1024_1280=&#8221;0px 5% 0px 0px&#8221; item_padding_768_1024=&#8221;0px 2% 0px&#8221; item_padding_600_768=&#8221;0px 2% 92px&#8221; item_padding_480_600=&#8221;0px 0% 90px&#8221; item_padding_480=&#8221;0px 0% 90px&#8221;][vc_column_text] The School [\/vc_column_text][vc_column_text] Equestrian School [\/vc_column_text][vc_empty_space height=&#8221;20px&#8221;][vc_column_text]Our training-learning process is aimed primarily at&#8230;<\/p>\n","protected":false},"author":1,"featured_media":737,"parent":0,"menu_order":0,"comment_status":"closed","ping_status":"closed","template":"full_width.php","meta":{"footnotes":""},"aioseo_notices":[],"_links":{"self":[{"href":"https:\/\/clubhipicoelroble.com\/en\/wp-json\/wp\/v2\/pages\/720"}],"collection":[{"href":"https:\/\/clubhipicoelroble.com\/en\/wp-json\/wp\/v2\/pages"}],"about":[{"href":"https:\/\/clubhipicoelroble.com\/en\/wp-json\/wp\/v2\/types\/page"}],"author":[{"embeddable":true,"href":"https:\/\/clubhipicoelroble.com\/en\/wp-json\/wp\/v2\/users\/1"}],"replies":[{"embeddable":true,"href":"https:\/\/clubhipicoelroble.com\/en\/wp-json\/wp\/v2\/comments?post=720"}],"version-history":[{"count":13,"href":"https:\/\/clubhipicoelroble.com\/en\/wp-json\/wp\/v2\/pages\/720\/revisions"}],"predecessor-version":[{"id":1671,"href":"https:\/\/clubhipicoelroble.com\/en\/wp-json\/wp\/v2\/pages\/720\/revisions\/1671"}],"wp:featuredmedia":[{"embeddable":true,"href":"https:\/\/clubhipicoelroble.com\/en\/wp-json\/wp\/v2\/media\/737"}],"wp:attachment":[{"href":"https:\/\/clubhipicoelroble.com\/en\/wp-json\/wp\/v2\/media?parent=720"}],"curies":[{"name":"wp","href":"https:\/\/api.w.org\/{rel}","templated":true}]}}